{"id":3,"date":"2022-12-12T09:53:46","date_gmt":"2022-12-12T09:53:46","guid":{"rendered":"https:\/\/dpv.rs\/?page_id=3"},"modified":"2023-05-03T14:39:10","modified_gmt":"2023-05-03T14:39:10","slug":"privacy-policy","status":"publish","type":"page","link":"https:\/\/dpv.rs\/en\/privacy-policy\/","title":{"rendered":"Privacy Policy"},"content":{"rendered":"\t\t<div data-elementor-type=\"wp-page\" data-elementor-id=\"3\" class=\"elementor elementor-3\" data-elementor-post-type=\"page\">\n\t\t\t\t\t\t<section class=\"elementor-section elementor-top-section elementor-element elementor-element-68ea5e45 elementor-section-boxed elementor-section-height-default elementor-section-height-default\" data-id=\"68ea5e45\" data-element_type=\"section\">\n\t\t\t\t\t\t<div class=\"elementor-container elementor-column-gap-default\">\n\t\t\t\t\t<div class=\"elementor-column elementor-col-100 elementor-top-column elementor-element elementor-element-33b5427b\" data-id=\"33b5427b\" data-element_type=\"column\">\n\t\t\t<div class=\"elementor-widget-wrap elementor-element-populated\">\n\t\t\t\t\t\t<div class=\"elementor-element elementor-element-94d581f elementor-widget elementor-widget-heading\" data-id=\"94d581f\" data-element_type=\"widget\" data-widget_type=\"heading.default\">\n\t\t\t\t<div class=\"elementor-widget-container\">\n\t\t\t\t\t<h1 class=\"elementor-heading-title elementor-size-default\">Politika privatnosti<\/h1>\t\t\t\t<\/div>\n\t\t\t\t<\/div>\n\t\t\t\t<div class=\"elementor-element elementor-element-7af7e11 elementor-widget elementor-widget-heading\" data-id=\"7af7e11\" data-element_type=\"widget\" data-widget_type=\"heading.default\">\n\t\t\t\t<div class=\"elementor-widget-container\">\n\t\t\t\t\t<h2 class=\"elementor-heading-title elementor-size-default\">Ko smo mi<\/h2>\t\t\t\t<\/div>\n\t\t\t\t<\/div>\n\t\t\t\t<div class=\"elementor-element elementor-element-02fd291 elementor-widget elementor-widget-text-editor\" data-id=\"02fd291\" data-element_type=\"widget\" data-widget_type=\"text-editor.default\">\n\t\t\t\t<div class=\"elementor-widget-container\">\n\t\t\t\t\t\t\t\t\t<p>Virtual Digital Innovation doo, Ranka Tajsi\u0107a 12, 11000 Beograd, info@dpv.rs obra\u0111uje va\u0161e podatke o li\u010dnosti.<\/p>\t\t\t\t\t\t\t\t<\/div>\n\t\t\t\t<\/div>\n\t\t\t\t<div class=\"elementor-element elementor-element-cb90052 elementor-widget elementor-widget-heading\" data-id=\"cb90052\" data-element_type=\"widget\" data-widget_type=\"heading.default\">\n\t\t\t\t<div class=\"elementor-widget-container\">\n\t\t\t\t\t<h2 class=\"elementor-heading-title elementor-size-default\">Vrste podataka o li\u010dnosti koje prikupljamo<\/h2>\t\t\t\t<\/div>\n\t\t\t\t<\/div>\n\t\t\t\t<div class=\"elementor-element elementor-element-17e6091 elementor-widget elementor-widget-text-editor\" data-id=\"17e6091\" data-element_type=\"widget\" data-widget_type=\"text-editor.default\">\n\t\t\t\t<div class=\"elementor-widget-container\">\n\t\t\t\t\t\t\t\t\tVirtual Digital Innovation doo prikuplja slede\u0107e podatke o li\u010dnosti:<ul>\n \t<li>Ime i prezime<\/li>\n \t<li>Naziv i adresa firme u kojoj radite<\/li>\n \t<li>Email adrese<\/li>\n \t<li>Brojevi telefona i fax-a<\/li>\n \t<li>Mati\u010dni broj firme i PIB firme<\/li>\n \t<li>Delatnost i poddelatnos firme<\/li>\n \t<li>Radno vreme firme<\/li>\n \t<li>Pozicija u firmi<\/li>\n \t<li>Titula<\/li>\n \t<li>Odgovorno lice u firmi i kontakt osoba sa firmom<\/li>\n \t<li>Linkovi do dru\u0161tvenim mre\u017eama, google biznis naloga i web sajta firme<\/li>\n \t<li>Logo i fotografije firme i ostale fotografije koje nam dostavite<\/li>\n \t<li>Dokumenta i video materijale koje nam dostavite<\/li>\n<\/ul>\t\t\t\t\t\t\t\t<\/div>\n\t\t\t\t<\/div>\n\t\t\t\t<div class=\"elementor-element elementor-element-4a37e4d elementor-widget elementor-widget-heading\" data-id=\"4a37e4d\" data-element_type=\"widget\" data-widget_type=\"heading.default\">\n\t\t\t\t<div class=\"elementor-widget-container\">\n\t\t\t\t\t<h2 class=\"elementor-heading-title elementor-size-default\">Svrha obrade i pravni osnov<\/h2>\t\t\t\t<\/div>\n\t\t\t\t<\/div>\n\t\t\t\t<div class=\"elementor-element elementor-element-1f5e088 elementor-widget elementor-widget-text-editor\" data-id=\"1f5e088\" data-element_type=\"widget\" data-widget_type=\"text-editor.default\">\n\t\t\t\t<div class=\"elementor-widget-container\">\n\t\t\t\t\t\t\t\t\tVirtual Digital Innovation doo koristi va\u0161e podatke za slede\u0107e svrhe:<ul>\n \t<li>Pru\u017eanje osnovnih usluga<\/li>\n \t<li>Komunikacija sa korisnicima<\/li>\n \t<li>Ponude novih proizvoda i usluga<\/li>\n<\/ul>\nDruge svrhe\n<ul>\n \t<li>Upis u direktorijum<\/li>\n<\/ul>\nVirtual Digital Innovation doo podatke o li\u010dnosti obra\u0111uje na osnovu slede\u0107eg pravnog osnova:\n<ul>\n \t<li>Pristanak<\/li>\n \t<li>Zaklju\u010denje ili izvr\u0161enje ugovora<\/li>\n \t<li>Pristanak mo\u017eete povu\u0107i u svakom trenutku.<\/li>\n<\/ul>\t\t\t\t\t\t\t\t<\/div>\n\t\t\t\t<\/div>\n\t\t\t\t<div class=\"elementor-element elementor-element-cb5071b elementor-widget elementor-widget-heading\" data-id=\"cb5071b\" data-element_type=\"widget\" data-widget_type=\"heading.default\">\n\t\t\t\t<div class=\"elementor-widget-container\">\n\t\t\t\t\t<h2 class=\"elementor-heading-title elementor-size-default\">Korisnici podataka<\/h2>\t\t\t\t<\/div>\n\t\t\t\t<\/div>\n\t\t\t\t<div class=\"elementor-element elementor-element-df82c73 elementor-widget elementor-widget-text-editor\" data-id=\"df82c73\" data-element_type=\"widget\" data-widget_type=\"text-editor.default\">\n\t\t\t\t<div class=\"elementor-widget-container\">\n\t\t\t\t\t\t\t\t\t<p>Virtual Digital Innovation doo\u00a0\u00a0ne prosle\u0111uje, ne prodaje, ne iznajmljuje va\u0161e podatke o li\u010dnosti tre\u0107im licima.<\/p>\t\t\t\t\t\t\t\t<\/div>\n\t\t\t\t<\/div>\n\t\t\t\t<div class=\"elementor-element elementor-element-974246f elementor-widget elementor-widget-heading\" data-id=\"974246f\" data-element_type=\"widget\" data-widget_type=\"heading.default\">\n\t\t\t\t<div class=\"elementor-widget-container\">\n\t\t\t\t\t<h2 class=\"elementor-heading-title elementor-size-default\">Za\u0161tita podataka<\/h2>\t\t\t\t<\/div>\n\t\t\t\t<\/div>\n\t\t\t\t<div class=\"elementor-element elementor-element-591cbb1 elementor-widget elementor-widget-text-editor\" data-id=\"591cbb1\" data-element_type=\"widget\" data-widget_type=\"text-editor.default\">\n\t\t\t\t<div class=\"elementor-widget-container\">\n\t\t\t\t\t\t\t\t\t<p>Virtual Digital Innovation doo \u0161titi va\u0161e podatke kori\u0161\u0107enjem slede\u0107ih mera za\u0161tite:<\/p><ul><li>Antivirus za\u0161tita<\/li><\/ul><p>VIrtual Digital Innovation doo \u010duva va\u0161e podatke tokom vremenskog perioda od\u00a0\u00a0 5 godina<\/p>\t\t\t\t\t\t\t\t<\/div>\n\t\t\t\t<\/div>\n\t\t\t\t<div class=\"elementor-element elementor-element-60ac9cc elementor-widget elementor-widget-heading\" data-id=\"60ac9cc\" data-element_type=\"widget\" data-widget_type=\"heading.default\">\n\t\t\t\t<div class=\"elementor-widget-container\">\n\t\t\t\t\t<h2 class=\"elementor-heading-title elementor-size-default\">Automatizovano dono\u0161enje odluka i profilisanje<\/h2>\t\t\t\t<\/div>\n\t\t\t\t<\/div>\n\t\t\t\t<div class=\"elementor-element elementor-element-373020e elementor-widget elementor-widget-text-editor\" data-id=\"373020e\" data-element_type=\"widget\" data-widget_type=\"text-editor.default\">\n\t\t\t\t<div class=\"elementor-widget-container\">\n\t\t\t\t\t\t\t\t\t<p>Virtual Digital Innovation doo ne vr\u0161i automatizovano dono\u0161enje odluka i profilisanje.<\/p>\t\t\t\t\t\t\t\t<\/div>\n\t\t\t\t<\/div>\n\t\t\t\t<div class=\"elementor-element elementor-element-56ac493 elementor-widget elementor-widget-heading\" data-id=\"56ac493\" data-element_type=\"widget\" data-widget_type=\"heading.default\">\n\t\t\t\t<div class=\"elementor-widget-container\">\n\t\t\t\t\t<h2 class=\"elementor-heading-title elementor-size-default\">Transfer podataka o li\u010dnosti van EU<\/h2>\t\t\t\t<\/div>\n\t\t\t\t<\/div>\n\t\t\t\t<div class=\"elementor-element elementor-element-ce6c957 elementor-widget elementor-widget-text-editor\" data-id=\"ce6c957\" data-element_type=\"widget\" data-widget_type=\"text-editor.default\">\n\t\t\t\t<div class=\"elementor-widget-container\">\n\t\t\t\t\t\t\t\t\t<p>Virtual Digital Innovation doo ne vr\u0161i transfer podataka o li\u010dnosti van teritorije Evropske unije.<\/p>\t\t\t\t\t\t\t\t<\/div>\n\t\t\t\t<\/div>\n\t\t\t\t<div class=\"elementor-element elementor-element-37b6866 elementor-widget elementor-widget-heading\" data-id=\"37b6866\" data-element_type=\"widget\" data-widget_type=\"heading.default\">\n\t\t\t\t<div class=\"elementor-widget-container\">\n\t\t\t\t\t<h2 class=\"elementor-heading-title elementor-size-default\">Transfer podataka o li\u010dnosti van Srbije<\/h2>\t\t\t\t<\/div>\n\t\t\t\t<\/div>\n\t\t\t\t<div class=\"elementor-element elementor-element-2b43dbf elementor-widget elementor-widget-text-editor\" data-id=\"2b43dbf\" data-element_type=\"widget\" data-widget_type=\"text-editor.default\">\n\t\t\t\t<div class=\"elementor-widget-container\">\n\t\t\t\t\t\t\t\t\t<p>Virtual Digital Innovation doo ne vr\u0161i transfer podataka o li\u010dnosti van teritorije Republike Srbije.<\/p>\t\t\t\t\t\t\t\t<\/div>\n\t\t\t\t<\/div>\n\t\t\t\t<div class=\"elementor-element elementor-element-c1f5d4d elementor-widget elementor-widget-heading\" data-id=\"c1f5d4d\" data-element_type=\"widget\" data-widget_type=\"heading.default\">\n\t\t\t\t<div class=\"elementor-widget-container\">\n\t\t\t\t\t<h2 class=\"elementor-heading-title elementor-size-default\">Prava gra\u0111ana<\/h2>\t\t\t\t<\/div>\n\t\t\t\t<\/div>\n\t\t\t\t<div class=\"elementor-element elementor-element-062168a elementor-widget elementor-widget-text-editor\" data-id=\"062168a\" data-element_type=\"widget\" data-widget_type=\"text-editor.default\">\n\t\t\t\t<div class=\"elementor-widget-container\">\n\t\t\t\t\t\t\t\t\t<p>Imate slede\u0107a prava u vezi sa obradom va\u0161ih podataka o li\u010dnosti:<br \/>Potvrda da li obra\u0111ujemo va\u0161e podatke o li\u010dnosti;<br \/>Pristup va\u0161im podacima o li\u010dnosti;<br \/>Ispravku va\u0161ih podataka o li\u010dnosti u slu\u010daju gre\u0161ke;<br \/>Brisanje va\u0161ih podataka o li\u010dnosti;<br \/>Prekid obrade va\u0161ih podataka o li\u010dnosti;<br \/>Odbijanje da se va\u0161i podaci o li\u010dnosti obra\u0111uju;<br \/>Prenos podataka o li\u010dnosti kod drugog pru\u017eaoca usluge;<br \/>U slu\u010daju da se vr\u0161i automatizovana obrada podataka o li\u010dnosti i dono\u0161enje odluka, pravo na ljudsku intervenciju, izra\u017eavanje stava o odluci ili osporavanje odluke.<br \/><br \/>Prava mo\u017eete ostvariti kontaktiranjem Virtual Digital Innovation doo na slede\u0107e na\u010dine:<br \/>Adresa, Email, Telefon Ranka Tajsi\u0107a 12, 11000 Beograd, office@dpv.rs<\/p>\t\t\t\t\t\t\t\t<\/div>\n\t\t\t\t<\/div>\n\t\t\t\t<div class=\"elementor-element elementor-element-e189cc3 elementor-widget elementor-widget-heading\" data-id=\"e189cc3\" data-element_type=\"widget\" data-widget_type=\"heading.default\">\n\t\t\t\t<div class=\"elementor-widget-container\">\n\t\t\t\t\t<h2 class=\"elementor-heading-title elementor-size-default\">Nadle\u017eni organ<\/h2>\t\t\t\t<\/div>\n\t\t\t\t<\/div>\n\t\t\t\t<div class=\"elementor-element elementor-element-a4dee82 elementor-widget elementor-widget-text-editor\" data-id=\"a4dee82\" data-element_type=\"widget\" data-widget_type=\"text-editor.default\">\n\t\t\t\t<div class=\"elementor-widget-container\">\n\t\t\t\t\t\t\t\t\t<p>Nadle\u017eni organ za za\u0161titu podataka o li\u010dnosti je Poverenik za informacije od javnog zna\u010daja i za\u0161titu podataka o li\u010dnosti Republike Srbije. Organu se mo\u017eete obratiti na adresi Bulevar kralja Aleksandra 15, 11000 Beograd, Republika Srbija, mejlom na office@poverenik.rs ili telefonom na +381 11 3408 900.<\/p>\t\t\t\t\t\t\t\t<\/div>\n\t\t\t\t<\/div>\n\t\t\t\t\t<\/div>\n\t\t<\/div>\n\t\t\t\t\t<\/div>\n\t\t<\/section>\n\t\t\t\t<\/div>\n\t\t<script>function getWR360PopupSkin(){return 'light_clean';}<\/script>","protected":false},"excerpt":{"rendered":"<p>Politika privatnosti Ko smo mi Virtual Digital Innovation doo, Ranka Tajsi\u0107a 12, 11000 Beograd, info@dpv.rs obra\u0111uje va\u0161e podatke o li\u010dnosti. Vrste podataka o li\u010dnosti koje prikupljamo Virtual Digital Innovation doo prikuplja slede\u0107e podatke o li\u010dnosti: Ime i prezime Naziv i adresa firme u kojoj radite Email adrese Brojevi telefona i fax-a Mati\u010dni broj firme i [&hellip;]<\/p>\n","protected":false},"author":2,"featured_media":0,"parent":0,"menu_order":0,"comment_status":"closed","ping_status":"closed","template":"","meta":{"footnotes":""},"class_list":["post-3","page","type-page","status-publish","hentry"],"acf":[],"_links":{"self":[{"href":"https:\/\/dpv.rs\/en\/wp-json\/wp\/v2\/pages\/3","targetHints":{"allow":["GET"]}}],"collection":[{"href":"https:\/\/dpv.rs\/en\/wp-json\/wp\/v2\/pages"}],"about":[{"href":"https:\/\/dpv.rs\/en\/wp-json\/wp\/v2\/types\/page"}],"author":[{"embeddable":true,"href":"https:\/\/dpv.rs\/en\/wp-json\/wp\/v2\/users\/2"}],"replies":[{"embeddable":true,"href":"https:\/\/dpv.rs\/en\/wp-json\/wp\/v2\/comments?post=3"}],"version-history":[{"count":11,"href":"https:\/\/dpv.rs\/en\/wp-json\/wp\/v2\/pages\/3\/revisions"}],"predecessor-version":[{"id":14420,"href":"https:\/\/dpv.rs\/en\/wp-json\/wp\/v2\/pages\/3\/revisions\/14420"}],"wp:attachment":[{"href":"https:\/\/dpv.rs\/en\/wp-json\/wp\/v2\/media?parent=3"}],"curies":[{"name":"wp","href":"https:\/\/api.w.org\/{rel}","templated":true}]}}