{"id":15344,"date":"2024-07-05T15:23:03","date_gmt":"2024-07-05T15:23:03","guid":{"rendered":"https:\/\/dpv.rs\/en\/?post_type=product&#038;p=15344"},"modified":"2024-07-05T15:23:03","modified_gmt":"2024-07-05T15:23:03","slug":"movenpick-resort-spa-fruske-terme","status":"publish","type":"product","link":"https:\/\/dpv.rs\/en\/proizvod\/movenpick-resort-spa-fruske-terme\/","title":{"rendered":"Movenpick resort &#038; spa Fru\u0161ke terme"},"content":{"rendered":"<script>function getWR360PopupSkin(){return 'light_clean';}<\/script>","protected":false},"excerpt":{"rendered":"<p>Surrounded by the greenery of the first national park in Serbia, on the sunny side of Fru\u0161ka Gora, near the historical monument Vrdni\u010dka Kula, the Movenpick resort&#038;spa hotel Fru\u0161ke terme has 201 accommodation units, 10 suites, 11 meeting rooms, a water world with 12 thermal mineral pools water temperature 29-32C, children&#8217;s facilities, sauna world with 12 types of saunas and other facilities, center for massages and treatments, gastronomic offer of 5 bars and 2 restaurants. Awarded multiple times for the quality of its services, it represents a combination of Serbian hospitality united with international standards. W\u0435 make moments!<\/p>\n","protected":false},"featured_media":15345,"template":"","meta":[],"product_brand":[],"product_cat":[161],"product_tag":[],"class_list":{"0":"post-15344","1":"product","2":"type-product","3":"status-publish","4":"has-post-thumbnail","6":"product_cat-fruske-terme","8":"first","9":"instock","10":"shipping-taxable","11":"product-type-simple"},"acf":[],"_links":{"self":[{"href":"https:\/\/dpv.rs\/en\/wp-json\/wp\/v2\/product\/15344","targetHints":{"allow":["GET"]}}],"collection":[{"href":"https:\/\/dpv.rs\/en\/wp-json\/wp\/v2\/product"}],"about":[{"href":"https:\/\/dpv.rs\/en\/wp-json\/wp\/v2\/types\/product"}],"wp:featuredmedia":[{"embeddable":true,"href":"https:\/\/dpv.rs\/en\/wp-json\/wp\/v2\/media\/15345"}],"wp:attachment":[{"href":"https:\/\/dpv.rs\/en\/wp-json\/wp\/v2\/media?parent=15344"}],"wp:term":[{"taxonomy":"product_brand","embeddable":true,"href":"https:\/\/dpv.rs\/en\/wp-json\/wp\/v2\/product_brand?post=15344"},{"taxonomy":"product_cat","embeddable":true,"href":"https:\/\/dpv.rs\/en\/wp-json\/wp\/v2\/product_cat?post=15344"},{"taxonomy":"product_tag","embeddable":true,"href":"https:\/\/dpv.rs\/en\/wp-json\/wp\/v2\/product_tag?post=15344"}],"curies":[{"name":"wp","href":"https:\/\/api.w.org\/{rel}","templated":true}]}}